{"id":533,"date":"2021-04-29T09:09:26","date_gmt":"2021-04-29T09:09:26","guid":{"rendered":"https:\/\/high-bush.com\/?page_id=533"},"modified":"2021-05-12T09:05:46","modified_gmt":"2021-05-12T09:05:46","slug":"kontakt","status":"publish","type":"page","link":"https:\/\/high-bush.com\/en\/kontakt\/","title":{"rendered":"Get in Touch"},"content":{"rendered":"<div data-elementor-type=\"wp-page\" data-elementor-id=\"533\" class=\"elementor elementor-533\" data-elementor-post-type=\"page\">\n\t\t\t\t\t\t<section class=\"elementor-section elementor-top-section elementor-element elementor-element-1371f05f elementor-section-content-middle elementor-section-boxed elementor-section-height-default elementor-section-height-default\" data-id=\"1371f05f\" data-element_type=\"section\">\n\t\t\t\t\t\t<div class=\"elementor-container elementor-column-gap-default\">\n\t\t\t\t\t<div class=\"elementor-column elementor-col-100 elementor-top-column elementor-element elementor-element-4e9c5d32\" data-id=\"4e9c5d32\" data-element_type=\"column\">\n\t\t\t<div class=\"elementor-widget-wrap elementor-element-populated\">\n\t\t\t\t\t\t<section class=\"elementor-section elementor-inner-section elementor-element elementor-element-3e4fac6c elementor-section-boxed elementor-section-height-default elementor-section-height-default\" data-id=\"3e4fac6c\" data-element_type=\"section\">\n\t\t\t\t\t\t<div class=\"elementor-container elementor-column-gap-no\">\n\t\t\t\t\t<div class=\"elementor-column elementor-col-50 elementor-inner-column elementor-element elementor-element-5fb63a79\" data-id=\"5fb63a79\" data-element_type=\"column\">\n\t\t\t<div class=\"elementor-widget-wrap elementor-element-populated\">\n\t\t\t\t\t\t<div class=\"elementor-element elementor-element-4fb533be animated-slow elementor-invisible elementor-widget elementor-widget-elementskit-heading\" data-id=\"4fb533be\" data-element_type=\"widget\" data-settings=\"{&quot;_animation&quot;:&quot;fadeInRight&quot;}\" data-widget_type=\"elementskit-heading.default\">\n\t\t\t\t<div class=\"elementor-widget-container\">\n\t\t\t\t\t<div class=\"ekit-wid-con\" ><div class=\"ekit-heading elementskit-section-title-wraper text_left   ekit_heading_tablet-   ekit_heading_mobile-\"><div class=\"ekit_heading_separetor_wraper ekit_heading_elementskit-border-divider elementskit-style-long\"><div class=\"elementskit-border-divider elementskit-style-long\"><\/div><\/div><h5 class=\"ekit-heading--title elementskit-section-title\">Any questions? I will be happy to help you!<\/h5><\/div><\/div>\t\t\t\t<\/div>\n\t\t\t\t<\/div>\n\t\t\t\t<div class=\"elementor-element elementor-element-597d5190 elementor-widget elementor-widget-heading\" data-id=\"597d5190\" data-element_type=\"widget\" data-widget_type=\"heading.default\">\n\t\t\t\t<div class=\"elementor-widget-container\">\n\t\t\t\t\t<h2 class=\"elementor-heading-title elementor-size-default\">Get in touch with me!<\/h2>\t\t\t\t<\/div>\n\t\t\t\t<\/div>\n\t\t\t\t\t<\/div>\n\t\t<\/div>\n\t\t\t\t<div class=\"elementor-column elementor-col-50 elementor-inner-column elementor-element elementor-element-407ccec1\" data-id=\"407ccec1\" data-element_type=\"column\">\n\t\t\t<div class=\"elementor-widget-wrap elementor-element-populated\">\n\t\t\t\t\t\t<div class=\"elementor-element elementor-element-2d03ff6b elementor-widget elementor-widget-text-editor\" data-id=\"2d03ff6b\" data-element_type=\"widget\" data-widget_type=\"text-editor.default\">\n\t\t\t\t<div class=\"elementor-widget-container\">\n\t\t\t\t\t\t\t\t\t<p>I am very pleased to have aroused your interest in my services! You are welcome to contact me and we will find out in an initial meeting how I can support you in your projects!<\/p>\t\t\t\t\t\t\t\t<\/div>\n\t\t\t\t<\/div>\n\t\t\t\t\t<\/div>\n\t\t<\/div>\n\t\t\t\t\t<\/div>\n\t\t<\/section>\n\t\t\t\t<section class=\"elementor-section elementor-inner-section elementor-element elementor-element-21ec3b63 elementor-section-boxed elementor-section-height-default elementor-section-height-default\" data-id=\"21ec3b63\" data-element_type=\"section\">\n\t\t\t\t\t\t<div class=\"elementor-container elementor-column-gap-no\">\n\t\t\t\t\t<div class=\"elementor-column elementor-col-33 elementor-inner-column elementor-element elementor-element-49b096af\" data-id=\"49b096af\" data-element_type=\"column\">\n\t\t\t<div class=\"elementor-widget-wrap elementor-element-populated\">\n\t\t\t\t\t\t<div class=\"elementor-element elementor-element-5407138f ekit-equal-height-disable elementor-widget elementor-widget-elementskit-icon-box\" data-id=\"5407138f\" data-element_type=\"widget\" data-widget_type=\"elementskit-icon-box.default\">\n\t\t\t\t<div class=\"elementor-widget-container\">\n\t\t\t\t\t<div class=\"ekit-wid-con\" >        <!-- link opening -->\n                <!-- end link opening -->\n\n        <div class=\"elementskit-infobox text- text-left icon-lef-right-aligin elementor-animation- media\">\n                    <div class=\"elementskit-box-header elementor-animation-\">\n                <div class=\"elementskit-info-box-icon  text-center\">\n                    <i aria-hidden=\"true\" class=\"elementkit-infobox-icon icon icon-map-marker1\"><\/i>\n                <\/div>\n          <\/div>\n                        <div class=\"box-body\">\n                            <h3 class=\"elementskit-info-box-title\">\n                    Wiesenstra\u00dfe 1                <\/h3>\n                        \t\t  \t<p>04509 Krostitz, Germany\n\n<\/p>\n                                <\/div>\n        \n        \n                <\/div>\n        <\/div>\t\t\t\t<\/div>\n\t\t\t\t<\/div>\n\t\t\t\t\t<\/div>\n\t\t<\/div>\n\t\t\t\t<div class=\"elementor-column elementor-col-33 elementor-inner-column elementor-element elementor-element-15b3a61f\" data-id=\"15b3a61f\" data-element_type=\"column\">\n\t\t\t<div class=\"elementor-widget-wrap elementor-element-populated\">\n\t\t\t\t\t\t<div class=\"elementor-element elementor-element-31fa7591 ekit-equal-height-disable elementor-widget elementor-widget-elementskit-icon-box\" data-id=\"31fa7591\" data-element_type=\"widget\" data-widget_type=\"elementskit-icon-box.default\">\n\t\t\t\t<div class=\"elementor-widget-container\">\n\t\t\t\t\t<div class=\"ekit-wid-con\" >        <!-- link opening -->\n                <!-- end link opening -->\n\n        <div class=\"elementskit-infobox text- text-left icon-lef-right-aligin elementor-animation- media\">\n                    <div class=\"elementskit-box-header elementor-animation-\">\n                <div class=\"elementskit-info-box-icon  text-center\">\n                    <i aria-hidden=\"true\" class=\"elementkit-infobox-icon icon icon-phone1\"><\/i>\n                <\/div>\n          <\/div>\n                        <div class=\"box-body\">\n                            <h3 class=\"elementskit-info-box-title\">\n                    +49 174 9446614                <\/h3>\n                        \t\t  \t<p>Phone number\n\n<\/p>\n                                <\/div>\n        \n        \n                <\/div>\n        <\/div>\t\t\t\t<\/div>\n\t\t\t\t<\/div>\n\t\t\t\t\t<\/div>\n\t\t<\/div>\n\t\t\t\t<div class=\"elementor-column elementor-col-33 elementor-inner-column elementor-element elementor-element-7dbb9000\" data-id=\"7dbb9000\" data-element_type=\"column\">\n\t\t\t<div class=\"elementor-widget-wrap elementor-element-populated\">\n\t\t\t\t\t\t<div class=\"elementor-element elementor-element-78dd0a7 ekit-equal-height-disable elementor-widget elementor-widget-elementskit-icon-box\" data-id=\"78dd0a7\" data-element_type=\"widget\" data-widget_type=\"elementskit-icon-box.default\">\n\t\t\t\t<div class=\"elementor-widget-container\">\n\t\t\t\t\t<div class=\"ekit-wid-con\" >        <!-- link opening -->\n                <!-- end link opening -->\n\n        <div class=\"elementskit-infobox text- text-left icon-lef-right-aligin elementor-animation- media\">\n                    <div class=\"elementskit-box-header elementor-animation-\">\n                <div class=\"elementskit-info-box-icon  text-center\">\n                    <i aria-hidden=\"true\" class=\"elementkit-infobox-icon icon icon-envelope1\"><\/i>\n                <\/div>\n          <\/div>\n                        <div class=\"box-body\">\n                            <h3 class=\"elementskit-info-box-title\">\n                    info@high-bush.com                <\/h3>\n                        \t\t  \t<p>Email Address<\/p>\n                                <\/div>\n        \n        \n                <\/div>\n        <\/div>\t\t\t\t<\/div>\n\t\t\t\t<\/div>\n\t\t\t\t\t<\/div>\n\t\t<\/div>\n\t\t\t\t\t<\/div>\n\t\t<\/section>\n\t\t\t\t\t<\/div>\n\t\t<\/div>\n\t\t\t\t\t<\/div>\n\t\t<\/section>\n\t\t\t\t<section class=\"elementor-section elementor-top-section elementor-element elementor-element-5d6ff19f elementor-section-content-middle elementor-section-boxed elementor-section-height-default elementor-section-height-default\" data-id=\"5d6ff19f\" data-element_type=\"section\">\n\t\t\t\t\t\t<div class=\"elementor-container elementor-column-gap-no\">\n\t\t\t\t\t<div class=\"elementor-column elementor-col-100 elementor-top-column elementor-element elementor-element-30e038f4\" data-id=\"30e038f4\" data-element_type=\"column\">\n\t\t\t<div class=\"elementor-widget-wrap elementor-element-populated\">\n\t\t\t\t\t\t<div class=\"elementor-element elementor-element-c071cbe animated-slow elementor-invisible elementor-widget elementor-widget-elementskit-heading\" data-id=\"c071cbe\" data-element_type=\"widget\" data-settings=\"{&quot;_animation&quot;:&quot;fadeInRight&quot;}\" data-widget_type=\"elementskit-heading.default\">\n\t\t\t\t<div class=\"elementor-widget-container\">\n\t\t\t\t\t<div class=\"ekit-wid-con\" ><div class=\"ekit-heading elementskit-section-title-wraper text_left   ekit_heading_tablet-   ekit_heading_mobile-\"><div class=\"ekit_heading_separetor_wraper ekit_heading_elementskit-border-divider elementskit-style-long\"><div class=\"elementskit-border-divider elementskit-style-long\"><\/div><\/div><h5 class=\"ekit-heading--title elementskit-section-title\">Otherwise you can leave a message!<\/h5><\/div><\/div>\t\t\t\t<\/div>\n\t\t\t\t<\/div>\n\t\t\t\t<div class=\"elementor-element elementor-element-88fcb28 elementor-widget elementor-widget-heading\" data-id=\"88fcb28\" data-element_type=\"widget\" data-widget_type=\"heading.default\">\n\t\t\t\t<div class=\"elementor-widget-container\">\n\t\t\t\t\t<h2 class=\"elementor-heading-title elementor-size-default\">I will get back to you shortly!<\/h2>\t\t\t\t<\/div>\n\t\t\t\t<\/div>\n\t\t\t\t<div class=\"elementor-element elementor-element-2290de91 elementor-button-align-start elementor-mobile-button-align-center elementor-widget elementor-widget-form\" data-id=\"2290de91\" data-element_type=\"widget\" data-settings=\"{&quot;step_next_label&quot;:&quot;Next&quot;,&quot;step_previous_label&quot;:&quot;Previous&quot;,&quot;button_width&quot;:&quot;100&quot;,&quot;step_type&quot;:&quot;number_text&quot;,&quot;step_icon_shape&quot;:&quot;circle&quot;}\" data-widget_type=\"form.default\">\n\t\t\t\t<div class=\"elementor-widget-container\">\n\t\t\t\t\t\t\t<form class=\"elementor-form\" method=\"post\" name=\"New Form\" action=\"\">\n\t\t\t<input type=\"hidden\" name=\"post_id\" value=\"533\"\/>\n\t\t\t<input type=\"hidden\" name=\"form_id\" value=\"2290de91\"\/>\n\t\t\t<input type=\"hidden\" name=\"referer_title\" value=\"High-Bush\" \/>\n\n\t\t\t\n\t\t\t<div class=\"elementor-form-fields-wrapper elementor-labels-above\">\n\t\t\t\t\t\t\t\t<div class=\"elementor-field-type-text elementor-field-group elementor-column elementor-field-group-name elementor-col-33\">\n\t\t\t\t\t\t\t\t\t\t\t\t<label for=\"form-field-name\" class=\"elementor-field-label\">\n\t\t\t\t\t\t\t\tYour name\t\t\t\t\t\t\t<\/label>\n\t\t\t\t\t\t\t\t\t\t\t\t\t\t<input size=\"1\" type=\"text\" name=\"form_fields[name]\" id=\"form-field-name\" class=\"elementor-field elementor-size-sm  elementor-field-textual\" placeholder=\"First name and surname\">\n\t\t\t\t\t\t\t\t\t\t\t<\/div>\n\t\t\t\t\t\t\t\t<div class=\"elementor-field-type-email elementor-field-group elementor-column elementor-field-group-email elementor-col-33 elementor-field-required\">\n\t\t\t\t\t\t\t\t\t\t\t\t<label for=\"form-field-email\" class=\"elementor-field-label\">\n\t\t\t\t\t\t\t\tYour Email Address\t\t\t\t\t\t\t<\/label>\n\t\t\t\t\t\t\t\t\t\t\t\t\t\t<input size=\"1\" type=\"email\" name=\"form_fields[email]\" id=\"form-field-email\" class=\"elementor-field elementor-size-sm  elementor-field-textual\" placeholder=\"Email Address\" required=\"required\">\n\t\t\t\t\t\t\t\t\t\t\t<\/div>\n\t\t\t\t\t\t\t\t<div class=\"elementor-field-type-text elementor-field-group elementor-column elementor-field-group-5fc6f08 elementor-col-33 elementor-field-required\">\n\t\t\t\t\t\t\t\t\t\t\t\t<label for=\"form-field-5fc6f08\" class=\"elementor-field-label\">\n\t\t\t\t\t\t\t\tYour Phone Number\t\t\t\t\t\t\t<\/label>\n\t\t\t\t\t\t\t\t\t\t\t\t\t\t<input size=\"1\" type=\"text\" name=\"form_fields[5fc6f08]\" id=\"form-field-5fc6f08\" class=\"elementor-field elementor-size-sm  elementor-field-textual\" placeholder=\"Phone number\" required=\"required\">\n\t\t\t\t\t\t\t\t\t\t\t<\/div>\n\t\t\t\t\t\t\t\t<div class=\"elementor-field-type-textarea elementor-field-group elementor-column elementor-field-group-6ed25c0 elementor-col-100\">\n\t\t\t\t\t\t\t\t\t\t\t\t<label for=\"form-field-6ed25c0\" class=\"elementor-field-label\">\n\t\t\t\t\t\t\t\tYour message to me\t\t\t\t\t\t\t<\/label>\n\t\t\t\t\t\t<textarea class=\"elementor-field-textual elementor-field  elementor-size-sm\" name=\"form_fields[6ed25c0]\" id=\"form-field-6ed25c0\" rows=\"4\" placeholder=\"Briefly describe your request\"><\/textarea>\t\t\t\t<\/div>\n\t\t\t\t\t\t\t\t<div class=\"elementor-field-group elementor-column elementor-field-type-submit elementor-col-100 e-form__buttons\">\n\t\t\t\t\t<button class=\"elementor-button elementor-size-md\" type=\"submit\">\n\t\t\t\t\t\t<span class=\"elementor-button-content-wrapper\">\n\t\t\t\t\t\t\t\t\t\t\t\t\t\t\t\t\t\t\t\t\t\t<span class=\"elementor-button-text\">Send request!<\/span>\n\t\t\t\t\t\t\t\t\t\t\t\t\t<\/span>\n\t\t\t\t\t<\/button>\n\t\t\t\t<\/div>\n\t\t\t<\/div>\n\t\t<input type=\"hidden\" name=\"trp-form-language\" value=\"en\"\/><\/form>\n\t\t\t\t\t\t<\/div>\n\t\t\t\t<\/div>\n\t\t\t\t\t<\/div>\n\t\t<\/div>\n\t\t\t\t\t<\/div>\n\t\t<\/section>\n\t\t\t\t<\/div>","protected":false},"excerpt":{"rendered":"<p>Noch Fragen? Ich helfe Ihnen gerne weiter! Kontaktieren Sie mich! Ich freue mich sehr, bei Ihnen Interesse f\u00fcr meine Leistungen geweckt zu haben! Gerne k\u00f6nnen Sie mit mir in Kontakt treten und wir finden in einem Erstgespr\u00e4ch heraus, wie ich Sie bei Ihren Projekten unterst\u00fctzen kann! Wiesenstra\u00dfe 1 04509 Krostitz +49 174 9446614 Telefonnummer info@high-bush.com [&hellip;]<\/p>","protected":false},"author":1,"featured_media":14,"parent":0,"menu_order":0,"comment_status":"closed","ping_status":"closed","template":"elementor_header_footer","meta":{"footnotes":""},"class_list":["post-533","page","type-page","status-publish","has-post-thumbnail","hentry"],"yoast_head":"<!-- This site is optimized with the Yoast SEO plugin v24.5 - https:\/\/yoast.com\/wordpress\/plugins\/seo\/ -->\n<title>Kontakt - High-Bush<\/title>\n<meta name=\"robots\" content=\"index, follow, max-snippet:-1, max-image-preview:large, max-video-preview:-1\" \/>\n<link rel=\"canonical\" href=\"https:\/\/high-bush.com\/en\/kontakt\/\" \/>\n<meta property=\"og:locale\" content=\"en_GB\" \/>\n<meta property=\"og:type\" content=\"article\" \/>\n<meta property=\"og:title\" content=\"Kontakt - High-Bush\" \/>\n<meta property=\"og:description\" content=\"Noch Fragen? Ich helfe Ihnen gerne weiter! Kontaktieren Sie mich! Ich freue mich sehr, bei Ihnen Interesse f\u00fcr meine Leistungen geweckt zu haben! Gerne k\u00f6nnen Sie mit mir in Kontakt treten und wir finden in einem Erstgespr\u00e4ch heraus, wie ich Sie bei Ihren Projekten unterst\u00fctzen kann! Wiesenstra\u00dfe 1 04509 Krostitz +49 174 9446614 Telefonnummer info@high-bush.com [&hellip;]\" \/>\n<meta property=\"og:url\" content=\"https:\/\/high-bush.com\/en\/kontakt\/\" \/>\n<meta property=\"og:site_name\" content=\"High-Bush\" \/>\n<meta property=\"article:modified_time\" content=\"2021-05-12T09:05:46+00:00\" \/>\n<meta property=\"og:image\" content=\"https:\/\/high-bush.com\/wp-content\/uploads\/2020\/09\/cropped-Highbush-Favicon.png\" \/>\n\t<meta property=\"og:image:width\" content=\"512\" \/>\n\t<meta property=\"og:image:height\" content=\"512\" \/>\n\t<meta property=\"og:image:type\" content=\"image\/png\" \/>\n<meta name=\"twitter:card\" content=\"summary_large_image\" \/>\n<meta name=\"twitter:label1\" content=\"Estimated reading time\" \/>\n\t<meta name=\"twitter:data1\" content=\"1 minute\" \/>\n<script type=\"application\/ld+json\" class=\"yoast-schema-graph\">{\"@context\":\"https:\/\/schema.org\",\"@graph\":[{\"@type\":\"WebPage\",\"@id\":\"https:\/\/high-bush.com\/kontakt\/\",\"url\":\"https:\/\/high-bush.com\/kontakt\/\",\"name\":\"Kontakt - High-Bush\",\"isPartOf\":{\"@id\":\"https:\/\/high-bush.com\/#website\"},\"primaryImageOfPage\":{\"@id\":\"https:\/\/high-bush.com\/kontakt\/#primaryimage\"},\"image\":{\"@id\":\"https:\/\/high-bush.com\/kontakt\/#primaryimage\"},\"thumbnailUrl\":\"https:\/\/high-bush.com\/wp-content\/uploads\/2020\/09\/cropped-Highbush-Favicon.png\",\"datePublished\":\"2021-04-29T09:09:26+00:00\",\"dateModified\":\"2021-05-12T09:05:46+00:00\",\"breadcrumb\":{\"@id\":\"https:\/\/high-bush.com\/kontakt\/#breadcrumb\"},\"inLanguage\":\"en-GB\",\"potentialAction\":[{\"@type\":\"ReadAction\",\"target\":[\"https:\/\/high-bush.com\/kontakt\/\"]}]},{\"@type\":\"ImageObject\",\"inLanguage\":\"en-GB\",\"@id\":\"https:\/\/high-bush.com\/kontakt\/#primaryimage\",\"url\":\"https:\/\/high-bush.com\/wp-content\/uploads\/2020\/09\/cropped-Highbush-Favicon.png\",\"contentUrl\":\"https:\/\/high-bush.com\/wp-content\/uploads\/2020\/09\/cropped-Highbush-Favicon.png\",\"width\":512,\"height\":512},{\"@type\":\"BreadcrumbList\",\"@id\":\"https:\/\/high-bush.com\/kontakt\/#breadcrumb\",\"itemListElement\":[{\"@type\":\"ListItem\",\"position\":1,\"name\":\"Startseite\",\"item\":\"https:\/\/high-bush.com\/de\/\"},{\"@type\":\"ListItem\",\"position\":2,\"name\":\"Kontakt\"}]},{\"@type\":\"WebSite\",\"@id\":\"https:\/\/high-bush.com\/#website\",\"url\":\"https:\/\/high-bush.com\/\",\"name\":\"High-Bush\",\"description\":\"Mein Name ist Chris Hobusch! Spezialist f\u00fcr Drohnenbefliegung und Consulting\",\"publisher\":{\"@id\":\"https:\/\/high-bush.com\/#organization\"},\"potentialAction\":[{\"@type\":\"SearchAction\",\"target\":{\"@type\":\"EntryPoint\",\"urlTemplate\":\"https:\/\/high-bush.com\/?s={search_term_string}\"},\"query-input\":{\"@type\":\"PropertyValueSpecification\",\"valueRequired\":true,\"valueName\":\"search_term_string\"}}],\"inLanguage\":\"en-GB\"},{\"@type\":\"Organization\",\"@id\":\"https:\/\/high-bush.com\/#organization\",\"name\":\"High-Bush\",\"url\":\"https:\/\/high-bush.com\/\",\"logo\":{\"@type\":\"ImageObject\",\"inLanguage\":\"en-GB\",\"@id\":\"https:\/\/high-bush.com\/#\/schema\/logo\/image\/\",\"url\":\"https:\/\/high-bush.com\/wp-content\/uploads\/2020\/09\/cropped-Highbush-Header-Logo.png\",\"contentUrl\":\"https:\/\/high-bush.com\/wp-content\/uploads\/2020\/09\/cropped-Highbush-Header-Logo.png\",\"width\":3000,\"height\":750,\"caption\":\"High-Bush\"},\"image\":{\"@id\":\"https:\/\/high-bush.com\/#\/schema\/logo\/image\/\"}}]}<\/script>\n<!-- \/ Yoast SEO plugin. -->","yoast_head_json":{"title":"Kontakt - High-Bush","robots":{"index":"index","follow":"follow","max-snippet":"max-snippet:-1","max-image-preview":"max-image-preview:large","max-video-preview":"max-video-preview:-1"},"canonical":"https:\/\/high-bush.com\/en\/kontakt\/","og_locale":"en_GB","og_type":"article","og_title":"Kontakt - High-Bush","og_description":"Noch Fragen? Ich helfe Ihnen gerne weiter! Kontaktieren Sie mich! Ich freue mich sehr, bei Ihnen Interesse f\u00fcr meine Leistungen geweckt zu haben! Gerne k\u00f6nnen Sie mit mir in Kontakt treten und wir finden in einem Erstgespr\u00e4ch heraus, wie ich Sie bei Ihren Projekten unterst\u00fctzen kann! Wiesenstra\u00dfe 1 04509 Krostitz +49 174 9446614 Telefonnummer info@high-bush.com [&hellip;]","og_url":"https:\/\/high-bush.com\/en\/kontakt\/","og_site_name":"High-Bush","article_modified_time":"2021-05-12T09:05:46+00:00","og_image":[{"width":512,"height":512,"url":"https:\/\/high-bush.com\/wp-content\/uploads\/2020\/09\/cropped-Highbush-Favicon.png","type":"image\/png"}],"twitter_card":"summary_large_image","twitter_misc":{"Estimated reading time":"1 minute"},"schema":{"@context":"https:\/\/schema.org","@graph":[{"@type":"WebPage","@id":"https:\/\/high-bush.com\/kontakt\/","url":"https:\/\/high-bush.com\/kontakt\/","name":"Kontakt - High-Bush","isPartOf":{"@id":"https:\/\/high-bush.com\/#website"},"primaryImageOfPage":{"@id":"https:\/\/high-bush.com\/kontakt\/#primaryimage"},"image":{"@id":"https:\/\/high-bush.com\/kontakt\/#primaryimage"},"thumbnailUrl":"https:\/\/high-bush.com\/wp-content\/uploads\/2020\/09\/cropped-Highbush-Favicon.png","datePublished":"2021-04-29T09:09:26+00:00","dateModified":"2021-05-12T09:05:46+00:00","breadcrumb":{"@id":"https:\/\/high-bush.com\/kontakt\/#breadcrumb"},"inLanguage":"en-GB","potentialAction":[{"@type":"ReadAction","target":["https:\/\/high-bush.com\/kontakt\/"]}]},{"@type":"ImageObject","inLanguage":"en-GB","@id":"https:\/\/high-bush.com\/kontakt\/#primaryimage","url":"https:\/\/high-bush.com\/wp-content\/uploads\/2020\/09\/cropped-Highbush-Favicon.png","contentUrl":"https:\/\/high-bush.com\/wp-content\/uploads\/2020\/09\/cropped-Highbush-Favicon.png","width":512,"height":512},{"@type":"BreadcrumbList","@id":"https:\/\/high-bush.com\/kontakt\/#breadcrumb","itemListElement":[{"@type":"ListItem","position":1,"name":"Startseite","item":"https:\/\/high-bush.com\/de\/"},{"@type":"ListItem","position":2,"name":"Kontakt"}]},{"@type":"WebSite","@id":"https:\/\/high-bush.com\/#website","url":"https:\/\/high-bush.com\/","name":"High-Bush","description":"Mein Name ist Chris Hobusch! Spezialist f\u00fcr Drohnenbefliegung und Consulting","publisher":{"@id":"https:\/\/high-bush.com\/#organization"},"potentialAction":[{"@type":"SearchAction","target":{"@type":"EntryPoint","urlTemplate":"https:\/\/high-bush.com\/?s={search_term_string}"},"query-input":{"@type":"PropertyValueSpecification","valueRequired":true,"valueName":"search_term_string"}}],"inLanguage":"en-GB"},{"@type":"Organization","@id":"https:\/\/high-bush.com\/#organization","name":"High-Bush","url":"https:\/\/high-bush.com\/","logo":{"@type":"ImageObject","inLanguage":"en-GB","@id":"https:\/\/high-bush.com\/#\/schema\/logo\/image\/","url":"https:\/\/high-bush.com\/wp-content\/uploads\/2020\/09\/cropped-Highbush-Header-Logo.png","contentUrl":"https:\/\/high-bush.com\/wp-content\/uploads\/2020\/09\/cropped-Highbush-Header-Logo.png","width":3000,"height":750,"caption":"High-Bush"},"image":{"@id":"https:\/\/high-bush.com\/#\/schema\/logo\/image\/"}}]}},"_links":{"self":[{"href":"https:\/\/high-bush.com\/en\/wp-json\/wp\/v2\/pages\/533","targetHints":{"allow":["GET"]}}],"collection":[{"href":"https:\/\/high-bush.com\/en\/wp-json\/wp\/v2\/pages"}],"about":[{"href":"https:\/\/high-bush.com\/en\/wp-json\/wp\/v2\/types\/page"}],"author":[{"embeddable":true,"href":"https:\/\/high-bush.com\/en\/wp-json\/wp\/v2\/users\/1"}],"replies":[{"embeddable":true,"href":"https:\/\/high-bush.com\/en\/wp-json\/wp\/v2\/comments?post=533"}],"version-history":[{"count":25,"href":"https:\/\/high-bush.com\/en\/wp-json\/wp\/v2\/pages\/533\/revisions"}],"predecessor-version":[{"id":810,"href":"https:\/\/high-bush.com\/en\/wp-json\/wp\/v2\/pages\/533\/revisions\/810"}],"wp:featuredmedia":[{"embeddable":true,"href":"https:\/\/high-bush.com\/en\/wp-json\/wp\/v2\/media\/14"}],"wp:attachment":[{"href":"https:\/\/high-bush.com\/en\/wp-json\/wp\/v2\/media?parent=533"}],"curies":[{"name":"wp","href":"https:\/\/api.w.org\/{rel}","templated":true}]}}