{"id":328,"date":"2020-10-02T10:51:21","date_gmt":"2020-10-02T10:51:21","guid":{"rendered":"https:\/\/high-bush.com\/?page_id=328"},"modified":"2021-05-13T08:22:36","modified_gmt":"2021-05-13T08:22:36","slug":"impressum","status":"publish","type":"page","link":"https:\/\/high-bush.com\/en\/impressum\/","title":{"rendered":"Imprint"},"content":{"rendered":"<div data-elementor-type=\"wp-page\" data-elementor-id=\"328\" class=\"elementor elementor-328\" data-elementor-post-type=\"page\">\n\t\t\t\t\t\t<section class=\"elementor-section elementor-top-section elementor-element elementor-element-304c44f8 elementor-section-stretched elementor-section-boxed elementor-section-height-default elementor-section-height-default\" data-id=\"304c44f8\" data-element_type=\"section\" data-settings=\"{&quot;stretch_section&quot;:&quot;section-stretched&quot;,&quot;background_background&quot;:&quot;classic&quot;}\">\n\t\t\t\t\t\t<div class=\"elementor-container elementor-column-gap-no\">\n\t\t\t\t\t<div class=\"elementor-column elementor-col-100 elementor-top-column elementor-element elementor-element-46c327fb\" data-id=\"46c327fb\" data-element_type=\"column\">\n\t\t\t<div class=\"elementor-widget-wrap elementor-element-populated\">\n\t\t\t\t\t\t<section class=\"elementor-section elementor-inner-section elementor-element elementor-element-40d593e6 elementor-section-boxed elementor-section-height-default elementor-section-height-default\" data-id=\"40d593e6\" data-element_type=\"section\">\n\t\t\t\t\t\t<div class=\"elementor-container elementor-column-gap-no\">\n\t\t\t\t\t<div class=\"elementor-column elementor-col-100 elementor-inner-column elementor-element elementor-element-7c4d7c78\" data-id=\"7c4d7c78\" data-element_type=\"column\">\n\t\t\t<div class=\"elementor-widget-wrap elementor-element-populated\">\n\t\t\t\t\t\t<div class=\"elementor-element elementor-element-c6ff139 elementor-widget elementor-widget-spacer\" data-id=\"c6ff139\" data-element_type=\"widget\" data-widget_type=\"spacer.default\">\n\t\t\t\t<div class=\"elementor-widget-container\">\n\t\t\t\t\t\t\t<div class=\"elementor-spacer\">\n\t\t\t<div class=\"elementor-spacer-inner\"><\/div>\n\t\t<\/div>\n\t\t\t\t\t\t<\/div>\n\t\t\t\t<\/div>\n\t\t\t\t<div class=\"elementor-element elementor-element-705b4951 elementor-widget elementor-widget-heading\" data-id=\"705b4951\" data-element_type=\"widget\" data-widget_type=\"heading.default\">\n\t\t\t\t<div class=\"elementor-widget-container\">\n\t\t\t\t\t<h1 class=\"elementor-heading-title elementor-size-large\">Imprint<\/h1>\t\t\t\t<\/div>\n\t\t\t\t<\/div>\n\t\t\t\t<div class=\"elementor-element elementor-element-6405245 elementor-widget elementor-widget-heading\" data-id=\"6405245\" data-element_type=\"widget\" data-widget_type=\"heading.default\">\n\t\t\t\t<div class=\"elementor-widget-container\">\n\t\t\t\t\t<h2 class=\"elementor-heading-title elementor-size-medium\">Angaben gem\u00e4\u00df \u00a7 5 TMG (nur in deutscher Sprache verf\u00fcgbar)<\/h2>\t\t\t\t<\/div>\n\t\t\t\t<\/div>\n\t\t\t\t<div class=\"elementor-element elementor-element-24021f97 elementor-widget elementor-widget-text-editor\" data-id=\"24021f97\" data-element_type=\"widget\" data-widget_type=\"text-editor.default\">\n\t\t\t\t<div class=\"elementor-widget-container\">\n\t\t\t\t\t\t\t\t\t<p>Chris Hobusch<\/p><p>Highbush Engineering &amp; Consulting<\/p><p>Wiesenstra\u00dfe 1<\/p><p>04509 Krostitz, Germany<\/p>\t\t\t\t\t\t\t\t<\/div>\n\t\t\t\t<\/div>\n\t\t\t\t<div class=\"elementor-element elementor-element-582c445a elementor-widget elementor-widget-heading\" data-id=\"582c445a\" data-element_type=\"widget\" data-widget_type=\"heading.default\">\n\t\t\t\t<div class=\"elementor-widget-container\">\n\t\t\t\t\t<h2 class=\"elementor-heading-title elementor-size-medium\">Get in Touch<\/h2>\t\t\t\t<\/div>\n\t\t\t\t<\/div>\n\t\t\t\t<div class=\"elementor-element elementor-element-1421b908 elementor-widget elementor-widget-text-editor\" data-id=\"1421b908\" data-element_type=\"widget\" data-widget_type=\"text-editor.default\">\n\t\t\t\t<div class=\"elementor-widget-container\">\n\t\t\t\t\t\t\t\t\t<p><strong>Telefon:<\/strong> +49 174 9446614<\/p><p><strong>E-Mail-Adresse:<\/strong> info@high-bush.com<\/p>\t\t\t\t\t\t\t\t<\/div>\n\t\t\t\t<\/div>\n\t\t\t\t<div class=\"elementor-element elementor-element-d51e184 elementor-widget elementor-widget-heading\" data-id=\"d51e184\" data-element_type=\"widget\" data-widget_type=\"heading.default\">\n\t\t\t\t<div class=\"elementor-widget-container\">\n\t\t\t\t\t<h2 class=\"elementor-heading-title elementor-size-medium\">Umsatzsteuer-ID<\/h2>\t\t\t\t<\/div>\n\t\t\t\t<\/div>\n\t\t\t\t<div class=\"elementor-element elementor-element-5a1eb53a elementor-widget elementor-widget-text-editor\" data-id=\"5a1eb53a\" data-element_type=\"widget\" data-widget_type=\"text-editor.default\">\n\t\t\t\t<div class=\"elementor-widget-container\">\n\t\t\t\t\t\t\t\t\t<p>Umsatzsteuer-Identifikationsnummer gem\u00e4\u00df \u00a7 27 a Umsatzsteuergesetz:<\/p><p>DE332837269<\/p>\t\t\t\t\t\t\t\t<\/div>\n\t\t\t\t<\/div>\n\t\t\t\t<div class=\"elementor-element elementor-element-385980f elementor-widget elementor-widget-heading\" data-id=\"385980f\" data-element_type=\"widget\" data-widget_type=\"heading.default\">\n\t\t\t\t<div class=\"elementor-widget-container\">\n\t\t\t\t\t<h2 class=\"elementor-heading-title elementor-size-medium\">Redaktionell Verantwortlicher<\/h2>\t\t\t\t<\/div>\n\t\t\t\t<\/div>\n\t\t\t\t<div class=\"elementor-element elementor-element-2f62ab78 elementor-widget elementor-widget-text-editor\" data-id=\"2f62ab78\" data-element_type=\"widget\" data-widget_type=\"text-editor.default\">\n\t\t\t\t<div class=\"elementor-widget-container\">\n\t\t\t\t\t\t\t\t\t<p>Chris Hobusch<\/p><p>Wiesenstra\u00dfe 1<\/p><p>04509 Krostitz, Germany<\/p>\t\t\t\t\t\t\t\t<\/div>\n\t\t\t\t<\/div>\n\t\t\t\t<div class=\"elementor-element elementor-element-4da87057 elementor-widget elementor-widget-heading\" data-id=\"4da87057\" data-element_type=\"widget\" data-widget_type=\"heading.default\">\n\t\t\t\t<div class=\"elementor-widget-container\">\n\t\t\t\t\t<h2 class=\"elementor-heading-title elementor-size-medium\">Online-Streitbeilegung (OS)<\/h2>\t\t\t\t<\/div>\n\t\t\t\t<\/div>\n\t\t\t\t<div class=\"elementor-element elementor-element-6e85b001 elementor-widget elementor-widget-text-editor\" data-id=\"6e85b001\" data-element_type=\"widget\" data-widget_type=\"text-editor.default\">\n\t\t\t\t<div class=\"elementor-widget-container\">\n\t\t\t\t\t\t\t\t\t<p>Online-Streitbeilegung: Die Europ\u00e4ische Kommission stellt eine Plattform zur Online-Streitbeilegung (OS) bereit, die Sie unter\u00a0<a href=\"https:\/\/ec.europa.eu\/consumers\/odr\/\" target=\"_blank\" rel=\"noopener\">https:\/\/ec.europa.eu\/consumers\/odr\/<\/a>\u00a0finden. Verbraucher haben die M\u00f6glichkeit, diese Plattform f\u00fcr die Beilegung ihrer Streitigkeiten zu nutzen.<\/p><p>Unsere E-Mail-Adresse finden Sie oben im Impressum.<\/p>\t\t\t\t\t\t\t\t<\/div>\n\t\t\t\t<\/div>\n\t\t\t\t<div class=\"elementor-element elementor-element-24dca2f elementor-widget elementor-widget-heading\" data-id=\"24dca2f\" data-element_type=\"widget\" data-widget_type=\"heading.default\">\n\t\t\t\t<div class=\"elementor-widget-container\">\n\t\t\t\t\t<h2 class=\"elementor-heading-title elementor-size-medium\">Verbraucherstreitbeilegung \/ Universalschlichtungsstelle<\/h2>\t\t\t\t<\/div>\n\t\t\t\t<\/div>\n\t\t\t\t<div class=\"elementor-element elementor-element-aa908ce elementor-widget elementor-widget-text-editor\" data-id=\"aa908ce\" data-element_type=\"widget\" data-widget_type=\"text-editor.default\">\n\t\t\t\t<div class=\"elementor-widget-container\">\n\t\t\t\t\t\t\t\t\t<p>Wir sind nicht bereit oder verpflichtet, an Streitbeilegungsverfahren vor einer<br \/>Verbraucherschlichtungsstelle teilzunehmen.<\/p>\t\t\t\t\t\t\t\t<\/div>\n\t\t\t\t<\/div>\n\t\t\t\t<div class=\"elementor-element elementor-element-1aac6556 elementor-widget elementor-widget-heading\" data-id=\"1aac6556\" data-element_type=\"widget\" data-widget_type=\"heading.default\">\n\t\t\t\t<div class=\"elementor-widget-container\">\n\t\t\t\t\t<h2 class=\"elementor-heading-title elementor-size-medium\">Haftung f\u00fcr Inhalte<\/h2>\t\t\t\t<\/div>\n\t\t\t\t<\/div>\n\t\t\t\t<div class=\"elementor-element elementor-element-43c330ed elementor-widget elementor-widget-text-editor\" data-id=\"43c330ed\" data-element_type=\"widget\" data-widget_type=\"text-editor.default\">\n\t\t\t\t<div class=\"elementor-widget-container\">\n\t\t\t\t\t\t\t\t\t<p>Als Diensteanbieter sind wir gem\u00e4\u00df \u00a7 7 Abs.1 TMG f\u00fcr eigene Inhalte auf diesen Seiten nach den allgemeinen Gesetzen verantwortlich. Nach \u00a7\u00a7 8 bis 10 TMG sind wir als Diensteanbieter jedoch nicht verpflichtet, \u00fcbermittelte oder gespeicherte fremde Informationen zu \u00fcberwachen oder nach Umst\u00e4nden zu forschen, die auf eine rechtswidrige T\u00e4tigkeit hinweisen.<\/p><p>Verpflichtungen zur Entfernung oder Sperrung der Nutzung von Informationen nach den allgemeinen Gesetzen bleiben hiervon unber\u00fchrt. Eine diesbez\u00fcgliche Haftung ist jedoch erst ab dem Zeitpunkt der Kenntnis einer konkreten Rechtsverletzung m\u00f6glich. Bei Bekanntwerden von entsprechenden Rechtsverletzungen werden wir diese Inhalte umgehend entfernen.<\/p>\t\t\t\t\t\t\t\t<\/div>\n\t\t\t\t<\/div>\n\t\t\t\t<div class=\"elementor-element elementor-element-714d45b2 elementor-widget elementor-widget-heading\" data-id=\"714d45b2\" data-element_type=\"widget\" data-widget_type=\"heading.default\">\n\t\t\t\t<div class=\"elementor-widget-container\">\n\t\t\t\t\t<h2 class=\"elementor-heading-title elementor-size-medium\">Haftung f\u00fcr Links<\/h2>\t\t\t\t<\/div>\n\t\t\t\t<\/div>\n\t\t\t\t<div class=\"elementor-element elementor-element-4eaed429 elementor-widget elementor-widget-text-editor\" data-id=\"4eaed429\" data-element_type=\"widget\" data-widget_type=\"text-editor.default\">\n\t\t\t\t<div class=\"elementor-widget-container\">\n\t\t\t\t\t\t\t\t\t<p>Unser Angebot enth\u00e4lt Links zu externen Websites Dritter, auf deren Inhalte wir keinen Einfluss haben. Deshalb k\u00f6nnen wir f\u00fcr diese fremden Inhalte auch keine Gew\u00e4hr \u00fcbernehmen. F\u00fcr die Inhalte der verlinkten Seiten ist stets der jeweilige Anbieter oder Betreiber der Seiten verantwortlich. Die verlinkten Seiten wurden zum Zeitpunkt der Verlinkung auf m\u00f6gliche Rechtsverst\u00f6\u00dfe \u00fcberpr\u00fcft. Rechtswidrige Inhalte waren zum Zeitpunkt der Verlinkung nicht erkennbar.<\/p><p>Eine permanente inhaltliche Kontrolle der verlinkten Seiten ist jedoch ohne konkrete Anhaltspunkte einer Rechtsverletzung nicht zumutbar. Bei Bekanntwerden von Rechtsverletzungen werden wir derartige Links umgehend entfernen.<\/p>\t\t\t\t\t\t\t\t<\/div>\n\t\t\t\t<\/div>\n\t\t\t\t<div class=\"elementor-element elementor-element-99792f1 elementor-widget elementor-widget-heading\" data-id=\"99792f1\" data-element_type=\"widget\" data-widget_type=\"heading.default\">\n\t\t\t\t<div class=\"elementor-widget-container\">\n\t\t\t\t\t<h2 class=\"elementor-heading-title elementor-size-medium\">Urheberrecht<\/h2>\t\t\t\t<\/div>\n\t\t\t\t<\/div>\n\t\t\t\t<div class=\"elementor-element elementor-element-730fdb20 elementor-widget elementor-widget-text-editor\" data-id=\"730fdb20\" data-element_type=\"widget\" data-widget_type=\"text-editor.default\">\n\t\t\t\t<div class=\"elementor-widget-container\">\n\t\t\t\t\t\t\t\t\t<p>Die durch die Seitenbetreiber erstellten Inhalte und Werke auf diesen Seiten unterliegen dem deutschen Urheberrecht. Die Vervielf\u00e4ltigung, Bearbeitung, Verbreitung und jede Art der Verwertung au\u00dferhalb der Grenzen des Urheberrechtes bed\u00fcrfen der schriftlichen Zustimmung des jeweiligen Autors bzw. Erstellers. Downloads und Kopien dieser Seite sind nur f\u00fcr den privaten, nicht kommerziellen Gebrauch gestattet.<\/p><p>Soweit die Inhalte auf dieser Seite nicht vom Betreiber erstellt wurden, werden die Urheberrechte Dritter beachtet. Insbesondere werden Inhalte Dritter als solche gekennzeichnet. Sollten Sie trotzdem auf eine Urheberrechtsverletzung aufmerksam werden, bitten wir um einen entsprechenden Hinweis. Bei Bekanntwerden von Rechtsverletzungen werden wir derartige Inhalte umgehend entfernen.<\/p>\t\t\t\t\t\t\t\t<\/div>\n\t\t\t\t<\/div>\n\t\t\t\t\t<\/div>\n\t\t<\/div>\n\t\t\t\t\t<\/div>\n\t\t<\/section>\n\t\t\t\t\t<\/div>\n\t\t<\/div>\n\t\t\t\t\t<\/div>\n\t\t<\/section>\n\t\t\t\t<\/div>","protected":false},"excerpt":{"rendered":"<p>Impressum Angaben gem\u00e4\u00df \u00a7 5 TMG Chris Hobusch Highbush Engineering &amp; Consulting Wiesenstra\u00dfe 1 04509 Krostitz Kontakt Telefon: +49 174 9446614 E-Mail-Adresse: info@high-bush.com Umsatzsteuer-ID Umsatzsteuer-Identifikationsnummer gem\u00e4\u00df \u00a7 27 a Umsatzsteuergesetz: DE332837269 Redaktionell Verantwortlicher Chris Hobusch Wiesenstra\u00dfe 1 04509 Krostitz Online-Streitbeilegung (OS) Online-Streitbeilegung: Die Europ\u00e4ische Kommission stellt eine Plattform zur Online-Streitbeilegung (OS) bereit, die Sie unter\u00a0https:\/\/ec.europa.eu\/consumers\/odr\/\u00a0finden. [&hellip;]<\/p>","protected":false},"author":1,"featured_media":13,"parent":0,"menu_order":0,"comment_status":"closed","ping_status":"closed","template":"elementor_header_footer","meta":{"footnotes":""},"class_list":["post-328","page","type-page","status-publish","has-post-thumbnail","hentry"],"yoast_head":"<!-- This site is optimized with the Yoast SEO plugin v24.5 - https:\/\/yoast.com\/wordpress\/plugins\/seo\/ -->\n<title>Impressum - High-Bush<\/title>\n<meta name=\"robots\" content=\"index, follow, max-snippet:-1, max-image-preview:large, max-video-preview:-1\" \/>\n<link rel=\"canonical\" href=\"https:\/\/high-bush.com\/en\/impressum\/\" \/>\n<meta property=\"og:locale\" content=\"en_GB\" \/>\n<meta property=\"og:type\" content=\"article\" \/>\n<meta property=\"og:title\" content=\"Impressum - High-Bush\" \/>\n<meta property=\"og:description\" content=\"Impressum Angaben gem\u00e4\u00df \u00a7 5 TMG Chris Hobusch Highbush Engineering &amp; Consulting Wiesenstra\u00dfe 1 04509 Krostitz Kontakt Telefon: +49 174 9446614 E-Mail-Adresse: info@high-bush.com Umsatzsteuer-ID Umsatzsteuer-Identifikationsnummer gem\u00e4\u00df \u00a7 27 a Umsatzsteuergesetz: DE332837269 Redaktionell Verantwortlicher Chris Hobusch Wiesenstra\u00dfe 1 04509 Krostitz Online-Streitbeilegung (OS) Online-Streitbeilegung: Die Europ\u00e4ische Kommission stellt eine Plattform zur Online-Streitbeilegung (OS) bereit, die Sie unter\u00a0https:\/\/ec.europa.eu\/consumers\/odr\/\u00a0finden. [&hellip;]\" \/>\n<meta property=\"og:url\" content=\"https:\/\/high-bush.com\/en\/impressum\/\" \/>\n<meta property=\"og:site_name\" content=\"High-Bush\" \/>\n<meta property=\"article:modified_time\" content=\"2021-05-13T08:22:36+00:00\" \/>\n<meta property=\"og:image\" content=\"https:\/\/high-bush.com\/wp-content\/uploads\/2020\/09\/Highbush-Favicon.png\" \/>\n\t<meta property=\"og:image:width\" content=\"512\" \/>\n\t<meta property=\"og:image:height\" content=\"512\" \/>\n\t<meta property=\"og:image:type\" content=\"image\/png\" \/>\n<meta name=\"twitter:card\" content=\"summary_large_image\" \/>\n<meta name=\"twitter:label1\" content=\"Estimated reading time\" \/>\n\t<meta name=\"twitter:data1\" content=\"2 minutes\" \/>\n<script type=\"application\/ld+json\" class=\"yoast-schema-graph\">{\"@context\":\"https:\/\/schema.org\",\"@graph\":[{\"@type\":\"WebPage\",\"@id\":\"https:\/\/high-bush.com\/impressum\/\",\"url\":\"https:\/\/high-bush.com\/impressum\/\",\"name\":\"Impressum - High-Bush\",\"isPartOf\":{\"@id\":\"https:\/\/high-bush.com\/#website\"},\"primaryImageOfPage\":{\"@id\":\"https:\/\/high-bush.com\/impressum\/#primaryimage\"},\"image\":{\"@id\":\"https:\/\/high-bush.com\/impressum\/#primaryimage\"},\"thumbnailUrl\":\"https:\/\/high-bush.com\/wp-content\/uploads\/2020\/09\/Highbush-Favicon.png\",\"datePublished\":\"2020-10-02T10:51:21+00:00\",\"dateModified\":\"2021-05-13T08:22:36+00:00\",\"breadcrumb\":{\"@id\":\"https:\/\/high-bush.com\/impressum\/#breadcrumb\"},\"inLanguage\":\"en-GB\",\"potentialAction\":[{\"@type\":\"ReadAction\",\"target\":[\"https:\/\/high-bush.com\/impressum\/\"]}]},{\"@type\":\"ImageObject\",\"inLanguage\":\"en-GB\",\"@id\":\"https:\/\/high-bush.com\/impressum\/#primaryimage\",\"url\":\"https:\/\/high-bush.com\/wp-content\/uploads\/2020\/09\/Highbush-Favicon.png\",\"contentUrl\":\"https:\/\/high-bush.com\/wp-content\/uploads\/2020\/09\/Highbush-Favicon.png\",\"width\":512,\"height\":512,\"caption\":\"Highbush Favicon\"},{\"@type\":\"BreadcrumbList\",\"@id\":\"https:\/\/high-bush.com\/impressum\/#breadcrumb\",\"itemListElement\":[{\"@type\":\"ListItem\",\"position\":1,\"name\":\"Startseite\",\"item\":\"https:\/\/high-bush.com\/de\/\"},{\"@type\":\"ListItem\",\"position\":2,\"name\":\"Impressum\"}]},{\"@type\":\"WebSite\",\"@id\":\"https:\/\/high-bush.com\/#website\",\"url\":\"https:\/\/high-bush.com\/\",\"name\":\"High-Bush\",\"description\":\"Mein Name ist Chris Hobusch! Spezialist f\u00fcr Drohnenbefliegung und Consulting\",\"publisher\":{\"@id\":\"https:\/\/high-bush.com\/#organization\"},\"potentialAction\":[{\"@type\":\"SearchAction\",\"target\":{\"@type\":\"EntryPoint\",\"urlTemplate\":\"https:\/\/high-bush.com\/?s={search_term_string}\"},\"query-input\":{\"@type\":\"PropertyValueSpecification\",\"valueRequired\":true,\"valueName\":\"search_term_string\"}}],\"inLanguage\":\"en-GB\"},{\"@type\":\"Organization\",\"@id\":\"https:\/\/high-bush.com\/#organization\",\"name\":\"High-Bush\",\"url\":\"https:\/\/high-bush.com\/\",\"logo\":{\"@type\":\"ImageObject\",\"inLanguage\":\"en-GB\",\"@id\":\"https:\/\/high-bush.com\/#\/schema\/logo\/image\/\",\"url\":\"https:\/\/high-bush.com\/wp-content\/uploads\/2020\/09\/cropped-Highbush-Header-Logo.png\",\"contentUrl\":\"https:\/\/high-bush.com\/wp-content\/uploads\/2020\/09\/cropped-Highbush-Header-Logo.png\",\"width\":3000,\"height\":750,\"caption\":\"High-Bush\"},\"image\":{\"@id\":\"https:\/\/high-bush.com\/#\/schema\/logo\/image\/\"}}]}<\/script>\n<!-- \/ Yoast SEO plugin. -->","yoast_head_json":{"title":"Impressum - High-Bush","robots":{"index":"index","follow":"follow","max-snippet":"max-snippet:-1","max-image-preview":"max-image-preview:large","max-video-preview":"max-video-preview:-1"},"canonical":"https:\/\/high-bush.com\/en\/impressum\/","og_locale":"en_GB","og_type":"article","og_title":"Impressum - High-Bush","og_description":"Impressum Angaben gem\u00e4\u00df \u00a7 5 TMG Chris Hobusch Highbush Engineering &amp; Consulting Wiesenstra\u00dfe 1 04509 Krostitz Kontakt Telefon: +49 174 9446614 E-Mail-Adresse: info@high-bush.com Umsatzsteuer-ID Umsatzsteuer-Identifikationsnummer gem\u00e4\u00df \u00a7 27 a Umsatzsteuergesetz: DE332837269 Redaktionell Verantwortlicher Chris Hobusch Wiesenstra\u00dfe 1 04509 Krostitz Online-Streitbeilegung (OS) Online-Streitbeilegung: Die Europ\u00e4ische Kommission stellt eine Plattform zur Online-Streitbeilegung (OS) bereit, die Sie unter\u00a0https:\/\/ec.europa.eu\/consumers\/odr\/\u00a0finden. [&hellip;]","og_url":"https:\/\/high-bush.com\/en\/impressum\/","og_site_name":"High-Bush","article_modified_time":"2021-05-13T08:22:36+00:00","og_image":[{"width":512,"height":512,"url":"https:\/\/high-bush.com\/wp-content\/uploads\/2020\/09\/Highbush-Favicon.png","type":"image\/png"}],"twitter_card":"summary_large_image","twitter_misc":{"Estimated reading time":"2 minutes"},"schema":{"@context":"https:\/\/schema.org","@graph":[{"@type":"WebPage","@id":"https:\/\/high-bush.com\/impressum\/","url":"https:\/\/high-bush.com\/impressum\/","name":"Impressum - High-Bush","isPartOf":{"@id":"https:\/\/high-bush.com\/#website"},"primaryImageOfPage":{"@id":"https:\/\/high-bush.com\/impressum\/#primaryimage"},"image":{"@id":"https:\/\/high-bush.com\/impressum\/#primaryimage"},"thumbnailUrl":"https:\/\/high-bush.com\/wp-content\/uploads\/2020\/09\/Highbush-Favicon.png","datePublished":"2020-10-02T10:51:21+00:00","dateModified":"2021-05-13T08:22:36+00:00","breadcrumb":{"@id":"https:\/\/high-bush.com\/impressum\/#breadcrumb"},"inLanguage":"en-GB","potentialAction":[{"@type":"ReadAction","target":["https:\/\/high-bush.com\/impressum\/"]}]},{"@type":"ImageObject","inLanguage":"en-GB","@id":"https:\/\/high-bush.com\/impressum\/#primaryimage","url":"https:\/\/high-bush.com\/wp-content\/uploads\/2020\/09\/Highbush-Favicon.png","contentUrl":"https:\/\/high-bush.com\/wp-content\/uploads\/2020\/09\/Highbush-Favicon.png","width":512,"height":512,"caption":"Highbush Favicon"},{"@type":"BreadcrumbList","@id":"https:\/\/high-bush.com\/impressum\/#breadcrumb","itemListElement":[{"@type":"ListItem","position":1,"name":"Startseite","item":"https:\/\/high-bush.com\/de\/"},{"@type":"ListItem","position":2,"name":"Impressum"}]},{"@type":"WebSite","@id":"https:\/\/high-bush.com\/#website","url":"https:\/\/high-bush.com\/","name":"High-Bush","description":"Mein Name ist Chris Hobusch! Spezialist f\u00fcr Drohnenbefliegung und Consulting","publisher":{"@id":"https:\/\/high-bush.com\/#organization"},"potentialAction":[{"@type":"SearchAction","target":{"@type":"EntryPoint","urlTemplate":"https:\/\/high-bush.com\/?s={search_term_string}"},"query-input":{"@type":"PropertyValueSpecification","valueRequired":true,"valueName":"search_term_string"}}],"inLanguage":"en-GB"},{"@type":"Organization","@id":"https:\/\/high-bush.com\/#organization","name":"High-Bush","url":"https:\/\/high-bush.com\/","logo":{"@type":"ImageObject","inLanguage":"en-GB","@id":"https:\/\/high-bush.com\/#\/schema\/logo\/image\/","url":"https:\/\/high-bush.com\/wp-content\/uploads\/2020\/09\/cropped-Highbush-Header-Logo.png","contentUrl":"https:\/\/high-bush.com\/wp-content\/uploads\/2020\/09\/cropped-Highbush-Header-Logo.png","width":3000,"height":750,"caption":"High-Bush"},"image":{"@id":"https:\/\/high-bush.com\/#\/schema\/logo\/image\/"}}]}},"_links":{"self":[{"href":"https:\/\/high-bush.com\/en\/wp-json\/wp\/v2\/pages\/328","targetHints":{"allow":["GET"]}}],"collection":[{"href":"https:\/\/high-bush.com\/en\/wp-json\/wp\/v2\/pages"}],"about":[{"href":"https:\/\/high-bush.com\/en\/wp-json\/wp\/v2\/types\/page"}],"author":[{"embeddable":true,"href":"https:\/\/high-bush.com\/en\/wp-json\/wp\/v2\/users\/1"}],"replies":[{"embeddable":true,"href":"https:\/\/high-bush.com\/en\/wp-json\/wp\/v2\/comments?post=328"}],"version-history":[{"count":16,"href":"https:\/\/high-bush.com\/en\/wp-json\/wp\/v2\/pages\/328\/revisions"}],"predecessor-version":[{"id":871,"href":"https:\/\/high-bush.com\/en\/wp-json\/wp\/v2\/pages\/328\/revisions\/871"}],"wp:featuredmedia":[{"embeddable":true,"href":"https:\/\/high-bush.com\/en\/wp-json\/wp\/v2\/media\/13"}],"wp:attachment":[{"href":"https:\/\/high-bush.com\/en\/wp-json\/wp\/v2\/media?parent=328"}],"curies":[{"name":"wp","href":"https:\/\/api.w.org\/{rel}","templated":true}]}}